{"id":30602,"date":"2025-12-07T16:33:12","date_gmt":"2025-12-07T15:33:12","guid":{"rendered":"https:\/\/ogrod-dekoracja.pl\/?post_type=product&#038;p=30602"},"modified":"2026-01-13T00:22:53","modified_gmt":"2026-01-12T23:22:53","slug":"2-sztuki-8mmx18m-lancuch-holowniczy-g80-j-t-r-lancuch-hakowy-lancuch-transportowy-2448kg-vevor","status":"publish","type":"product","link":"https:\/\/ogrod-dekoracja.pl\/?product=2-sztuki-8mmx18m-lancuch-holowniczy-g80-j-t-r-lancuch-hakowy-lancuch-transportowy-2448kg-vevor","title":{"rendered":"2 sztuki 8mmx1,8m \u0141a\u0144cuch holowniczy G80 J\/T\/R \u0141a\u0144cuch hakowy \u0141a\u0144cuch transportowy 2448kg VEVOR"},"content":{"rendered":"<p><b>\u0141a\u0144cuch typu J-hook VEVOR<\/b><br \/>\nVEVOR oferuje solidny \u0142a\u0144cuch holowniczy z hakiem typu J, wykonany z wysokiej jako\u015bci stali G80. Wyposa\u017cony w wiele hak\u00f3w, jest wszechstronny i nadaje si\u0119 do r\u00f3\u017cnych pojazd\u00f3w i zada\u0144. Niezale\u017cnie od tego, czy przewozisz ci\u0119\u017ckie \u0142adunki, czy potrzebujesz niezawodnego \u015brodka transportu, ten \u0142a\u0144cuch jest idealny dla Ciebie.<\/p>\n<p><b><\/b><br \/>\nNumer modelu przedmiotu: RTJ5\/16*6FT-A2<br \/>\n\u015arednica \u0142a\u0144cucha: 5\/16 cala \/ 8 mm<br \/>\nD\u0142ugo\u015b\u0107 ka\u017cdego \u0142a\u0144cucha: 6 st\u00f3p \/ 180 cm<br \/>\nNo\u015bno\u015b\u0107: 5400 funt\u00f3w \/ 2448 kg<br \/>\nMateria\u0142: Stal manganowa, G80<br \/>\nObr\u00f3bka powierzchni produktu: Ocynkowana<br \/>\nWaga produktu: 26,46 funta \/ 12 kg<\/p>\n<p><b><\/b><br \/>\n2 x \u0142a\u0144cuchy holownicze<br \/>\n1 x szekla typu D<\/p>\n<p><b>Caract\u00e9ristiques et d\u00e9tails<\/b><br \/>\nNorma G80: To urz\u0105dzenie do mocowania \u0142a\u0144cuch\u00f3w z hakiem typu J spe\u0142nia normy G80. Charakteryzuje si\u0119 doskona\u0142\u0105 wytrzyma\u0142o\u015bci\u0105 na rozci\u0105ganie i wytrzymuje zu\u017cycie i uszkodzenia spowodowane du\u017cymi obci\u0105\u017ceniami. Dzi\u0119ki wysokiemu wsp\u00f3\u0142czynnikowi bezpiecze\u0144stwa mo\u017cesz u\u017cywa\u0107 naszego \u0142a\u0144cucha bez obaw.<\/p>\n<p>Wysokiej jako\u015bci materia\u0142: \u0141a\u0144cuch i hak s\u0105 ocynkowane, co zapewnia odporno\u015b\u0107 na rdz\u0119 i pi\u0119kny wygl\u0105d. Nawet po d\u0142ugim u\u017cytkowaniu pozostaj\u0105 jak nowe. Co wi\u0119cej, hak nadaje si\u0119 do r\u00f3\u017cnych zastosowa\u0144.<\/p>\n<p>No\u015bno\u015b\u0107 5400 funt\u00f3w \/ 2448 kg: Nasz \u0142a\u0144cuch holowniczy z hakiem typu J ma no\u015bno\u015b\u0107 5400 funt\u00f3w \/ 2448 kg. \u015arednica \u0142a\u0144cucha: 5\/16 cala \/ 8 mm; d\u0142ugo\u015b\u0107 \u0142a\u0144cucha: 6 st\u00f3p \/ 180 cm. Dzi\u0119ki tym cechom mo\u017cesz go u\u017cywa\u0107 bez obaw.<\/p>\n<p>Przypomnienie: Przedmiot musi by\u0107 zawieszony na \u015brodku haka. Kraw\u0119d\u017a haka nie mo\u017ce by\u0107 zahaczona. \u0141a\u0144cuch holowniczy z hakiem typu J nie mo\u017ce by\u0107 skr\u0119cony, zagi\u0119ty ani spl\u0105tany.<\/p>\n<p>Szerokie zastosowanie: \u0141a\u0144cuch holowniczy jest szeroko stosowany w r\u00f3\u017cnych zastosowaniach holowniczych i mobilnych. Wyposa\u017cony w du\u017cy hak typu J, hak typu R, hak typu T, ma\u0142y hak typu J oraz hak holowniczy, nadaje si\u0119 do r\u00f3\u017cnych pojazd\u00f3w i scenariuszy.<\/p>\n","protected":false},"excerpt":{"rendered":"<table id=\"main-characteristics-items\" class=\"o-product-features\" role=\"presentation\" data-cerberus=\"TABLE_AttributesProduct\">\n<tbody>\n<tr class=\"m-product-attr-row \">\n<th class=\"m-product-attr-row__name\" scope=\"row\">Materia\u0142 g\u0142\u00f3wny w ca\u0142kowitej masie produktu<\/th>\n<td class=\"m-product-attr-row__value\">Stop<\/td>\n<\/tr>\n<tr class=\"m-product-attr-row \">\n<th class=\"m-product-attr-row__name\" scope=\"row\">Rodzina kolor\u00f3w<\/th>\n<td class=\"m-product-attr-row__value\">R\u00f3\u017cnokolorowy<\/td>\n<\/tr>\n<tr class=\"m-product-attr-row \">\n<th class=\"m-product-attr-row__name\" scope=\"row\">Typ produktu<\/th>\n<td class=\"m-product-attr-row__value\">\u0141\u0105cznik przyczepy<\/td>\n<\/tr>\n<tr class=\"m-product-attr-row \">\n<th class=\"m-product-attr-row__name\" scope=\"row\">Marka produktu<\/th>\n<td class=\"m-product-attr-row__value\">VEVOR<\/td>\n<\/tr>\n<\/tbody>\n<\/table>\n","protected":false},"featured_media":30610,"comment_status":"open","ping_status":"closed","template":"","meta":[],"product_brand":[],"product_cat":[79],"product_tag":[],"class_list":{"0":"post-30602","1":"product","2":"type-product","3":"status-publish","4":"has-post-thumbnail","6":"product_cat-akcesoria-i-uslugi","8":"first","9":"instock","10":"shipping-taxable","11":"purchasable","12":"product-type-simple"},"_links":{"self":[{"href":"https:\/\/ogrod-dekoracja.pl\/index.php?rest_route=\/wp\/v2\/product\/30602","targetHints":{"allow":["GET"]}}],"collection":[{"href":"https:\/\/ogrod-dekoracja.pl\/index.php?rest_route=\/wp\/v2\/product"}],"about":[{"href":"https:\/\/ogrod-dekoracja.pl\/index.php?rest_route=\/wp\/v2\/types\/product"}],"replies":[{"embeddable":true,"href":"https:\/\/ogrod-dekoracja.pl\/index.php?rest_route=%2Fwp%2Fv2%2Fcomments&post=30602"}],"version-history":[{"count":1,"href":"https:\/\/ogrod-dekoracja.pl\/index.php?rest_route=\/wp\/v2\/product\/30602\/revisions"}],"predecessor-version":[{"id":30611,"href":"https:\/\/ogrod-dekoracja.pl\/index.php?rest_route=\/wp\/v2\/product\/30602\/revisions\/30611"}],"wp:featuredmedia":[{"embeddable":true,"href":"https:\/\/ogrod-dekoracja.pl\/index.php?rest_route=\/wp\/v2\/media\/30610"}],"wp:attachment":[{"href":"https:\/\/ogrod-dekoracja.pl\/index.php?rest_route=%2Fwp%2Fv2%2Fmedia&parent=30602"}],"wp:term":[{"taxonomy":"product_brand","embeddable":true,"href":"https:\/\/ogrod-dekoracja.pl\/index.php?rest_route=%2Fwp%2Fv2%2Fproduct_brand&post=30602"},{"taxonomy":"product_cat","embeddable":true,"href":"https:\/\/ogrod-dekoracja.pl\/index.php?rest_route=%2Fwp%2Fv2%2Fproduct_cat&post=30602"},{"taxonomy":"product_tag","embeddable":true,"href":"https:\/\/ogrod-dekoracja.pl\/index.php?rest_route=%2Fwp%2Fv2%2Fproduct_tag&post=30602"}],"curies":[{"name":"wp","href":"https:\/\/api.w.org\/{rel}","templated":true}]}}