{"id":29802,"date":"2025-12-06T12:43:54","date_gmt":"2025-12-06T11:43:54","guid":{"rendered":"https:\/\/ogrod-dekoracja.pl\/?post_type=product&#038;p=29802"},"modified":"2026-01-13T00:27:11","modified_gmt":"2026-01-12T23:27:11","slug":"piec-zeliwny-koza-kominek-na-drewno-ralf-iii-bardzo-solidny-nowoczesny","status":"publish","type":"product","link":"https:\/\/ogrod-dekoracja.pl\/?product=piec-zeliwny-koza-kominek-na-drewno-ralf-iii-bardzo-solidny-nowoczesny","title":{"rendered":"PIEC \u017bELIWNY KOZA KOMINEK NA DREWNO RALF III BARDZO SOLIDNY NOWOCZESNY"},"content":{"rendered":"<table class=\"myre_zn mp7g_oh q1v2b mp0t_0a msts_pt m7er_k4\">\n<tbody>\n<tr class=\"mupj_5k mjyo_6x mzmg_7i mj7a_8 mh36_16 mg9e_8 m09p_40 mgn2_14 msts_hk\">\n<td class=\"mpof_vs mupj_5k mjyo_6x mj7a_8 mg9e_8 m09p_40 mzmg_7i mh36_8 mgmw_3z mp4t_0 m3h2_0 mryx_0 munh_0 msts_n7 _3c6dd_SpQem\">Stan<\/td>\n<td class=\"mpof_vs mupj_5k mjyo_6x mzmg_7i mj7a_8 mh36_16 mg9e_8 m09p_40 mvrt_8 mgmw_wo m9qz_yp _3c6dd_AYKa3\">\n<div class=\"mpof_ki m389_6m _3c6dd_KEYaD\">Nowy<\/div>\n<\/td>\n<\/tr>\n<tr class=\"mupj_5k mjyo_6x mzmg_7i mj7a_8 mh36_16 mg9e_8 m09p_40 mgn2_14\">\n<td class=\"mpof_vs mupj_5k mjyo_6x mj7a_8 mg9e_8 m09p_40 mzmg_7i mh36_8 mgmw_3z mp4t_0 m3h2_0 mryx_0 munh_0 msts_n7 _3c6dd_SpQem\">Faktura<\/td>\n<td class=\"mpof_vs mupj_5k mjyo_6x mzmg_7i mj7a_8 mh36_16 mg9e_8 m09p_40 mvrt_8 mgmw_wo m9qz_yp _3c6dd_AYKa3\">\n<div class=\"mpof_ki m389_6m _3c6dd_KEYaD\">Wystawiam faktur\u0119 VAT<\/div>\n<\/td>\n<\/tr>\n<tr class=\"mupj_5k mjyo_6x mzmg_7i mj7a_8 mh36_16 mg9e_8 m09p_40 mgn2_14 msts_hk\">\n<td class=\"mpof_vs mupj_5k mjyo_6x mj7a_8 mg9e_8 m09p_40 mzmg_7i mh36_8 mgmw_3z mp4t_0 m3h2_0 mryx_0 munh_0 msts_n7 _3c6dd_SpQem\">Marka<\/td>\n<td class=\"mpof_vs mupj_5k mjyo_6x mzmg_7i mj7a_8 mh36_16 mg9e_8 m09p_40 mvrt_8 mgmw_wo m9qz_yp _3c6dd_AYKa3\">\n<div class=\"mpof_ki m389_6m _3c6dd_KEYaD\">Komin-Expert<\/div>\n<\/td>\n<\/tr>\n<tr class=\"mupj_5k mjyo_6x mzmg_7i mj7a_8 mh36_16 mg9e_8 m09p_40 mgn2_14\">\n<td class=\"mpof_vs mupj_5k mjyo_6x mj7a_8 mg9e_8 m09p_40 mzmg_7i mh36_8 mgmw_3z mp4t_0 m3h2_0 mryx_0 munh_0 msts_n7 _3c6dd_SpQem\">Materia\u0142 wykonania<\/td>\n<td class=\"mpof_vs mupj_5k mjyo_6x mzmg_7i mj7a_8 mh36_16 mg9e_8 m09p_40 mvrt_8 mgmw_wo m9qz_yp _3c6dd_AYKa3\">\n<div class=\"mpof_ki m389_6m _3c6dd_KEYaD\">\u017celiwny<\/div>\n<\/td>\n<\/tr>\n<tr class=\"mupj_5k mjyo_6x mzmg_7i mj7a_8 mh36_16 mg9e_8 m09p_40 mgn2_14 msts_hk\">\n<td class=\"mpof_vs mupj_5k mjyo_6x mj7a_8 mg9e_8 m09p_40 mzmg_7i mh36_8 mgmw_3z mp4t_0 m3h2_0 mryx_0 munh_0 msts_n7 _3c6dd_SpQem\">Rodzaj pieca<\/td>\n<td class=\"mpof_vs mupj_5k mjyo_6x mzmg_7i mj7a_8 mh36_16 mg9e_8 m09p_40 mvrt_8 mgmw_wo m9qz_yp _3c6dd_AYKa3\">\n<div class=\"mpof_ki m389_6m _3c6dd_KEYaD\">powietrzny<\/div>\n<\/td>\n<\/tr>\n<tr class=\"mupj_5k mjyo_6x mzmg_7i mj7a_8 mh36_16 mg9e_8 m09p_40 mgn2_14\">\n<td class=\"mpof_vs mupj_5k mjyo_6x mj7a_8 mg9e_8 m09p_40 mzmg_7i mh36_8 mgmw_3z mp4t_0 m3h2_0 mryx_0 munh_0 msts_n7 _3c6dd_SpQem\">Moc (kW)<\/td>\n<td class=\"mpof_vs mupj_5k mjyo_6x mzmg_7i mj7a_8 mh36_16 mg9e_8 m09p_40 mvrt_8 mgmw_wo m9qz_yp _3c6dd_AYKa3\">\n<div class=\"mpof_ki m389_6m _3c6dd_KEYaD\">6-10<\/div>\n<\/td>\n<\/tr>\n<tr class=\"mupj_5k mjyo_6x mzmg_7i mj7a_8 mh36_16 mg9e_8 m09p_40 mgn2_14 msts_hk\">\n<td class=\"mpof_vs mupj_5k mjyo_6x mj7a_8 mg9e_8 m09p_40 mzmg_7i mh36_8 mgmw_3z mp4t_0 m3h2_0 mryx_0 munh_0 msts_n7 _3c6dd_SpQem\">G\u0142\u0119boko\u015b\u0107<\/td>\n<td class=\"mpof_vs mupj_5k mjyo_6x mzmg_7i mj7a_8 mh36_16 mg9e_8 m09p_40 mvrt_8 mgmw_wo m9qz_yp _3c6dd_AYKa3\">\n<div class=\"mpof_ki m389_6m _3c6dd_KEYaD\">44 cm<\/div>\n<\/td>\n<\/tr>\n<tr class=\"mupj_5k mjyo_6x mzmg_7i mj7a_8 mh36_16 mg9e_8 m09p_40 mgn2_14\">\n<td class=\"mpof_vs mupj_5k mjyo_6x mj7a_8 mg9e_8 m09p_40 mzmg_7i mh36_8 mgmw_3z mp4t_0 m3h2_0 mryx_0 munh_0 msts_n7 _3c6dd_SpQem\">Szeroko\u015b\u0107<\/td>\n<td class=\"mpof_vs mupj_5k mjyo_6x mzmg_7i mj7a_8 mh36_16 mg9e_8 m09p_40 mvrt_8 mgmw_wo m9qz_yp _3c6dd_AYKa3\">\n<div class=\"mpof_ki m389_6m _3c6dd_KEYaD\">53 cm<\/div>\n<\/td>\n<\/tr>\n<tr class=\"mupj_5k mjyo_6x mzmg_7i mj7a_8 mh36_16 mg9e_8 m09p_40 mgn2_14 msts_hk\">\n<td class=\"mpof_vs mupj_5k mjyo_6x mj7a_8 mg9e_8 m09p_40 mzmg_7i mh36_8 mgmw_3z mp4t_0 m3h2_0 mryx_0 munh_0 msts_n7 _3c6dd_SpQem\">Wysoko\u015b\u0107<\/td>\n<td class=\"mpof_vs mupj_5k mjyo_6x mzmg_7i mj7a_8 mh36_16 mg9e_8 m09p_40 mvrt_8 mgmw_wo m9qz_yp _3c6dd_AYKa3\">\n<div class=\"mpof_ki m389_6m _3c6dd_KEYaD\">68 cm<\/div>\n<\/td>\n<\/tr>\n<tr class=\"mupj_5k mjyo_6x mzmg_7i mj7a_8 mh36_16 mg9e_8 m09p_40 mgn2_14\">\n<td class=\"mpof_vs mupj_5k mjyo_6x mj7a_8 mg9e_8 m09p_40 mzmg_7i mh36_8 mgmw_3z mp4t_0 m3h2_0 mryx_0 munh_0 msts_n7 _3c6dd_SpQem\">Waga<\/td>\n<td class=\"mpof_vs mupj_5k mjyo_6x mzmg_7i mj7a_8 mh36_16 mg9e_8 m09p_40 mvrt_8 mgmw_wo m9qz_yp _3c6dd_AYKa3\">\n<div class=\"mpof_ki m389_6m _3c6dd_KEYaD\">92 kg<\/div>\n<\/td>\n<\/tr>\n<tr class=\"mupj_5k mjyo_6x mzmg_7i mj7a_8 mh36_16 mg9e_8 m09p_40 mgn2_14 msts_hk\">\n<td class=\"mpof_vs mupj_5k mjyo_6x mj7a_8 mg9e_8 m09p_40 mzmg_7i mh36_8 mgmw_3z mp4t_0 m3h2_0 mryx_0 munh_0 msts_n7 _3c6dd_SpQem\">Kod producenta<\/td>\n<td class=\"mpof_vs mupj_5k mjyo_6x mzmg_7i mj7a_8 mh36_16 mg9e_8 m09p_40 mvrt_8 mgmw_wo m9qz_yp _3c6dd_AYKa3\">\n<div class=\"mpof_ki m389_6m _3c6dd_KEYaD\">PIEC \u017bELIWNY RALF III<\/div>\n<\/td>\n<\/tr>\n<tr class=\"mupj_5k mjyo_6x mzmg_7i mj7a_8 mh36_16 mg9e_8 m09p_40 mgn2_14\">\n<td class=\"mpof_vs mupj_5k mjyo_6x mj7a_8 mg9e_8 m09p_40 mzmg_7i mh36_8 mgmw_3z mp4t_0 m3h2_0 mryx_0 munh_0 msts_n7 _3c6dd_SpQem\">Waga produktu z opakowaniem jednostkowym<\/td>\n<td class=\"mpof_vs mupj_5k mjyo_6x mzmg_7i mj7a_8 mh36_16 mg9e_8 m09p_40 mvrt_8 mgmw_wo m9qz_yp _3c6dd_AYKa3\">\n<div class=\"mpof_ki m389_6m _3c6dd_KEYaD\">102 kg<\/div>\n<\/td>\n<\/tr>\n<tr class=\"mupj_5k mjyo_6x mzmg_7i mj7a_8 mh36_16 mg9e_8 m09p_40 mgn2_14 msts_hk\">\n<td class=\"mpof_vs mupj_5k mjyo_6x mj7a_8 mg9e_8 m09p_40 mzmg_7i mh36_8 mgmw_3z mp4t_0 m3h2_0 mryx_0 munh_0 msts_n7 _3c6dd_SpQem\">Zakres klas efektywno\u015bci energetycznej<\/td>\n<td class=\"mpof_vs mupj_5k mjyo_6x mzmg_7i mj7a_8 mh36_16 mg9e_8 m09p_40 mvrt_8 mgmw_wo m9qz_yp _3c6dd_AYKa3\">\n<div class=\"mpof_ki m389_6m _3c6dd_KEYaD\">A++ &#8211; G<\/div>\n<\/td>\n<\/tr>\n<tr class=\"mupj_5k mjyo_6x mzmg_7i mj7a_8 mh36_16 mg9e_8 m09p_40 mgn2_14\">\n<td class=\"mpof_vs mupj_5k mjyo_6x mj7a_8 mg9e_8 m09p_40 mzmg_7i mh36_8 mgmw_3z mp4t_0 m3h2_0 mryx_0 munh_0 msts_n7 _3c6dd_SpQem\">Klasa efektywno\u015bci energetycznej<\/td>\n<td class=\"mpof_vs mupj_5k mjyo_6x mzmg_7i mj7a_8 mh36_16 mg9e_8 m09p_40 mvrt_8 mgmw_wo m9qz_yp _3c6dd_AYKa3\">\n<div class=\"mpof_ki m389_6m _3c6dd_KEYaD\">A<\/div>\n<\/td>\n<\/tr>\n<tr class=\"mupj_5k mjyo_6x mzmg_7i mj7a_8 mh36_16 mg9e_8 m09p_40 mgn2_14 msts_hk\">\n<td class=\"mpof_vs mupj_5k mjyo_6x mj7a_8 mg9e_8 m09p_40 mzmg_7i mh36_8 mgmw_3z mp4t_0 m3h2_0 mryx_0 munh_0 msts_n7 _3c6dd_SpQem\">Stan opakowania<\/td>\n<td class=\"mpof_vs mupj_5k mjyo_6x mzmg_7i mj7a_8 mh36_16 mg9e_8 m09p_40 mvrt_8 mgmw_wo m9qz_yp _3c6dd_AYKa3\">\n<div class=\"mpof_ki m389_6m _3c6dd_KEYaD\">oryginalne<\/div>\n<\/td>\n<\/tr>\n<\/tbody>\n<\/table>\n<div class=\"mpof_ki myre_zn myre_8v_l m389_6m_l\">\n<div class=\"mp4t_16_s mryx_16_s mr3m_1 mli2_1 mh85_56 mh85_0_l\">\n<div class=\"mgn2_16 _0d3bd_am0a-\">\n<h2>\u2705 Wyposa\u017cenie i funkcje:<\/h2>\n<ul>\n<li><b>Du\u017ca szyba<\/b>\u00a0paleniska\u00a0&#8211; \u0142adny widok ognia<\/li>\n<li>System\u00a0<b>podw\u00f3jnego spalania<\/b>\u00a0(dopalania spalin) &#8211; mniejsze zu\u017cycie drewna i znacznie\u00a0mniejsza emisja zanieczyszcze\u0144<\/li>\n<li><b>Uszczelnione\u00a0drzwi<\/b>\u00a0paleniska i szuflada popielnika<\/li>\n<li>System\u00a0<b>oczyszczania szyby<\/b>\u00a0paleniska\u00a0&#8211; czystsza szyba<\/li>\n<li>Regulacja dop\u0142ywu\u00a0<b>powierza na popielniku i drzwiach paleniska\u00a0<\/b>z oczyszczaniem szyby<\/li>\n<li><b>Pojemny popielnik<\/b>\u00a0&#8211; pozwala na rzadsze opr\u00f3\u017cnianie<\/li>\n<li><b>\u017beliwny,\u00a0wytrzyma\u0142y<\/b>\u00a0ruszt<\/li>\n<li>Szyba wytrzyma\u0142a do\u00a0<b>temperatury 800\u00b0C<\/b><\/li>\n<li>Mo\u017cliwo\u015b\u0107 przy\u0142\u0105czenia do komina<b>\u00a0od ty\u0142u lub od g\u00f3ry<\/b><\/li>\n<li>Piec\u00a0zgodny z\u00a0<b>Ekoprojektem<\/b>\u00a0(Ecodesign)<\/li>\n<\/ul>\n<\/div>\n<\/div>\n<\/div>\n<div class=\"mpof_ki myre_zn myre_8v_l m389_6m_l\">\n<div class=\"mp4t_16_s mryx_16_s mr3m_1 mli2_1 mh85_56 mh85_0_l\">\n<div class=\"mg9e_8 mj7a_8 mg9e_0_s mvrt_0_s mj7a_0_s mh36_0_s mzmg_6m munh_16_l m3h2_16_l\"><\/div>\n<\/div>\n<div class=\"mp4t_16_s mryx_16_s mr3m_1 mli2_1 mh85_56 mh85_0_l\">\n<div class=\"mgn2_16 _0d3bd_am0a-\">\n<h2>\u2705 Specyfikacja techniczna:<\/h2>\n<ul>\n<li>Nazwa modelu:\u00a0<b>RALF III<\/b><\/li>\n<li>Zgodny z Ecodesign\/Ekoprojekt:\u00a0<b>TAK<\/b><\/li>\n<li>Zgodno\u015b\u0107 z norm\u0105:\u00a0<b>PN-EN 13240<\/b><\/li>\n<li>Klasa efektywno\u015bci energetycznej:\u00a0<b>A<\/b><\/li>\n<li>Moc:\u00a0<b>5,8\u00a0kW<\/b><\/li>\n<li>Powierzchnia grzewcza:\u00a0<b>do 90 m\u00b2<\/b><\/li>\n<li><b>Sprawno\u015b\u0107: 78,4 %<\/b><\/li>\n<li>Rodzaj paliwa:\u00a0<b>Zalecane sezonowane drewno li\u015bciaste( o wilgotno\u015bci \u2264 20%) lub brykiety z drewna li\u015bciastego<\/b><\/li>\n<li>D\u0142ugo\u015b\u0107 polan:\u00a0<b>do 35 cm<\/b><\/li>\n<li>Wyj\u015bcie spalin:\u00a0<b>do g\u00f3ry lub do ty\u0142u<\/b><\/li>\n<li>\u015arednica wylotu spalin: \u00d8\u00a0<b>150 mm<\/b><\/li>\n<li>Waga:\u00a0<b>92 kg<\/b><\/li>\n<li>Wymagany ci\u0105g kominowy:\u00a0<b>10-14 Pa<\/b><\/li>\n<li>Dolot powietrza z zewn\u0105trz:\u00a0<b>TAK<\/b><\/li>\n<li>\u015arednica dolotu powietrza:\u00a0<b>100 mm<\/b><\/li>\n<li>Materia\u0142:\u00a0<b>\u017celiwo<\/b><\/li>\n<li>Kolor:\u00a0<b>czarny<\/b><\/li>\n<li>Polska instrukcja obs\u0142ugi:\u00a0<b>Tak<\/b><\/li>\n<\/ul>\n<h2>\u2705 Wymiary<\/h2>\n<ul>\n<li>Wymiary zewn\u0119trzne: szer. 530 x wys. 680 x g\u0142\u0119b. 440 mm<\/li>\n<li>Wymiary paleniska: szer. 355 x wys. 250 x g\u0142\u0119b. 255 mm<\/li>\n<li>Szyba paleniska: szer. 305 x wys. 295 mm<\/li>\n<\/ul>\n<\/div>\n<\/div>\n<\/div>\n<div class=\"mpof_ki myre_zn myre_8v_l m389_6m_l\">\n<div class=\"mp4t_16_s mryx_16_s mr3m_1 mli2_1 mh85_56 mh85_0_l\">\n<div class=\"mg9e_8 mj7a_8 mg9e_0_s mvrt_0_s mj7a_0_s mh36_0_s mzmg_6m munh_16_l m3h2_16_l\">\n<div class=\"mp4t_0 mryx_0 munh_56 m3h2_56\">\n<div class=\"mp7g_oh\"><\/div>\n<\/div>\n<\/div>\n<\/div>\n<div class=\"mp4t_16_s mryx_16_s mr3m_1 mli2_1 mh85_56 mh85_0_l\">\n<div class=\"mgn2_16 _0d3bd_am0a-\">\n<h2>\u2705 Wyjscie spalin z ty\u0142u lub do g\u00f3ry<\/h2>\n<p>Piec Ralf III posiada mozliwo\u015bc przy\u0142\u0105czenia rury odprowadzaj\u0105cej spaliny do ty\u0142u lub do g\u00f3ry. W zestawie z piecem dostarczony jest kr\u00f3ciec odprowadzenia spalin wraz za za\u015blepk\u0105, kt\u00f3r\u0105 montuje si\u0119 od ty\u0142u lub od g\u00f3ry. Standardowo zamontowana jest od g\u00f3ry pieca. Jej prze\u0142o\u017cenie wraz z monta\u017cem kr\u00f3\u0107ca jest bardzo proste i wymaga jedynie odkr\u0119cenie i dokr\u0119cenie dw\u00f3ch \u015brub.<\/p>\n<\/div>\n<\/div>\n<\/div>\n<div class=\"mpof_ki myre_zn myre_8v_l m389_6m_l\">\n<div class=\"mp4t_16_s mryx_16_s mr3m_1 mli2_1 mh85_56 mh85_0_l\">\n<div class=\"mgn2_16 _0d3bd_am0a-\">\n<h2>\u2705 Zgodno\u015b\u0107 z Ekoprojektem i ekologia:<\/h2>\n<p>Piec\u00a0<b>RALF\u202fIII EKO<\/b>\u00a0spe\u0142nia wymagania normy\u00a0<b>Ecodesign\/Ekoprojekt<\/b>\u00a0\u2013 co jest gwarancj\u0105 niskiej emisji zanieczyszcze\u0144 i ekologicznego spalania.<\/p>\n<ul>\n<li>Zgodny z Ecodesign\/Ekoprojekt:\u00a0<b>TAK<\/b><\/li>\n<li>Zgodny z norm\u0105 EN13240:\u00a0<b>TAK<\/b><\/li>\n<li>Klasa efektywno\u015bci energetycznej:\u00a0<b>A<\/b><\/li>\n<li><b>Sprawno\u015b\u0107: 78,4 %<\/b><\/li>\n<li>Emisja CO (13\u202f%\u202fO\u2082):\u00a0<b>1482,50\u202fmg\/Nm\u00b3<\/b>, &lt;\u202f1500\u202fmg\/Nm\u00b3<\/li>\n<li>Emisja py\u0142k\u00f3w (PM):\u00a0<b>32,26\u202fmg\/Nm\u00b3<\/b>, &lt;\u202f40\u202fmg\/Nm\u00b3<\/li>\n<li>Emisja NOx:\u00a0<b>157,62\u202fmg\/Nm\u00b3<\/b>, &lt;\u202f200\u202fmg\/Nm\u00b3<\/li>\n<li>Emisja OGC:\u00a0<b>54,38\u202fmg\/Nm\u00b3<\/b>, &lt;\u202f120\u202fmg\/Nm\u00b3<\/li>\n<\/ul>\n<p>\u2705\u00a0<b>Uwaga:<\/b> Piec jest wyposa\u017cony w uszczelki drzwiowe \u2013 bez nich nie mo\u017cna spe\u0142ni\u0107 wymaga\u0144 Ekoprojektu, a kominiarz mo\u017ce zakwestionowa\u0107 urz\u0105dzenie.<\/p>\n<\/div>\n<\/div>\n<\/div>\n<div class=\"mpof_ki myre_zn myre_8v_l m389_6m_l\">\n<div class=\"mp4t_16_s mryx_16_s mr3m_1 mli2_1 mh85_56 mh85_0_l\">\n<div class=\"mgn2_16 _0d3bd_am0a-\">\n<p><b>\u2705\u00a0<\/b><b>Palenisko \u2013 serce efektywnego ogrzewania<\/b><\/p>\n<p>Palenisko to najwa\u017cniejszy element ka\u017cdego pieca \u2013 to w\u0142a\u015bnie tutaj powstaje energia, kt\u00f3ra ogrzewa Tw\u00f3j dom. Od jego konstrukcji i jako\u015bci wykonania zale\u017cy nie tylko komfort u\u017cytkowania, ale r\u00f3wnie\u017c\u00a0<b>sprawno\u015b\u0107 cieplna, moc grzewcza oraz niska emisja spalin<\/b>. Nasz piec spe\u0142nia rygorystyczne normy\u00a0<b>Ekoprojektu<\/b>, gwarantuj\u0105c\u00a0<b>czyste i ekologiczne spalanie drewna<\/b>.<\/p>\n<p>Aby maksymalnie wykorzysta\u0107 energi\u0119 z ka\u017cdego kawa\u0142ka drewna, zastosowano\u00a0<b>nowoczesny system podw\u00f3jnego spalania<\/b>\u00a0(tzw. dopalanie spalin). \u015awie\u017ce powietrze jest doprowadzane specjalnymi kana\u0142ami w g\u00f3rn\u0105 cz\u0119\u015b\u0107 paleniska \u2013 nad p\u0142omie\u0144. W efekcie resztki niespalonych gaz\u00f3w zostaj\u0105 ponownie dopalone, co znacz\u0105co zwi\u0119ksza\u00a0<b>wydajno\u015b\u0107 energetyczn\u0105 pieca\u00a0<\/b>i ogranicza straty ciep\u0142a uchodz\u0105ce do komina.<\/p>\n<p>Ca\u0142o\u015b\u0107 konstrukcji zosta\u0142a zaprojektowana z my\u015bl\u0105 o\u00a0<b>szczelno\u015bci i bezpiecze\u0144stwie<\/b>. Drzwiczki komory spalania oraz szuflada popielnika s\u0105 wyposa\u017cone w\u00a0<b>odporne uszczelki<\/b>, a solidny\u00a0<b>rygiel z klamk\u0105<\/b>\u00a0zapewnia pewne i szczelne zamkni\u0119cie paleniska.<\/p>\n<p>Na uwag\u0119 zas\u0142uguje r\u00f3wnie\u017c\u00a0<b>szerokie palenisko<\/b>, kt\u00f3re umo\u017cliwia spalanie polan o d\u0142ugo\u015bci nawet\u00a0<b>35 cm<\/b>\u00a0\u2013 to wi\u0119ksza wygoda i d\u0142u\u017csze ogrzewanie bez konieczno\u015bci cz\u0119stego dok\u0142adania drewna.<\/p>\n<p>Piec wyposa\u017cony jest tak\u017ce w\u00a0<b>du\u017cy popielnik<\/b>, co znacz\u0105co wp\u0142ywa na komfort u\u017cytkowania. Wi\u0119ksza pojemno\u015b\u0107 oznacza rzadsze opr\u00f3\u017cnianie i mniejsze ryzyko zapchania dop\u0142ywu powietrza, dzi\u0119ki czemu piec pracuje stabilnie i efektywnie przez ca\u0142y czas.<\/p>\n<\/div>\n<\/div>\n<\/div>\n<div class=\"mpof_ki myre_zn myre_8v_l m389_6m_l\">\n<div class=\"mp4t_16_s mryx_16_s mr3m_1 mli2_1 mh85_56 mh85_0_l\">\n<div class=\"mgn2_16 _0d3bd_am0a-\">\n<p><b>\u2705\u00a0<\/b><b>Kontrola spalania \u2013 precyzja, wydajno\u015b\u0107 i czyste ciep\u0142o<\/b><\/p>\n<p>Aby uzyska\u0107\u00a0<b>maksymaln\u0105 wydajno\u015b\u0107 i czysty proces spalania<\/b>, kluczowe znaczenie ma odpowiednie doprowadzenie powietrza do paleniska. W naszym piecu zastosowano\u00a0<b>trzy niezale\u017cne drogi nawiewu powietrza<\/b>, dzi\u0119ki kt\u00f3rym spalanie drewna jest efektywne, ekonomiczne i ekologiczne.<\/p>\n<p><b>1\ufe0f\u20e3 Powietrze pierwotne<\/b>\u00a0\u2013 dostarczane jest od do\u0142u, poprzez\u00a0<b>komor\u0119 popielnika i \u017celiwny ruszt<\/b>, bezpo\u015brednio do \u017caru. To w\u0142a\u015bnie ten strumie\u0144 umo\u017cliwia kontrol\u0119 intensywno\u015bci spalania \u2013\u00a0<b>regulacja nawiewu na szufladzie popielnika<\/b>\u00a0pozwala precyzyjnie sterowa\u0107 ilo\u015bci\u0105 tlenu w palenisku. Przymkni\u0119cie dop\u0142ywu powoduje przygaszenie ognia, natomiast jego zwi\u0119kszenie \u2013 intensywniejsze spalanie i wi\u0119cej ciep\u0142a.<\/p>\n<p><b>2\ufe0f\u20e3 Powietrze wt\u00f3rne<\/b>\u00a0\u2013 doprowadzane jest do g\u00f3rnej cz\u0119\u015bci paleniska przez otwory nad szyb\u0105. Ten kierunek przep\u0142ywu odpowiada nie tylko za\u00a0<b>dopalanie niespalonych gaz\u00f3w<\/b>, ale r\u00f3wnie\u017c pe\u0142ni funkcj\u0119\u00a0<b>systemu czystej szyby<\/b>, ograniczaj\u0105c osadzanie si\u0119 sadzy i zapewniaj\u0105c doskona\u0142\u0105 widoczno\u015b\u0107 p\u0142omienia.<\/p>\n<p><b>3\ufe0f\u20e3 System dopalania spalin (podw\u00f3jne spalanie)<\/b>\u00a0\u2013 to nowoczesne rozwi\u0105zanie, w kt\u00f3rym \u015bwie\u017ce powietrze trafia do komory spalania\u00a0<b>specjalnymi dyszami nad p\u0142omie\u0144<\/b>. W tym miejscu spaliny s\u0105 ponownie dopalane, co generuje\u00a0<b>dodatkowe ciep\u0142o<\/b>, zwi\u0119ksza\u00a0<b>sprawno\u015b\u0107 energetyczn\u0105 pieca<\/b>\u00a0i redukuje emisj\u0119 szkodliwych substancji.<\/p>\n<p>Dzi\u0119ki tr\u00f3jstopniowemu systemowi doprowadzania powietrza, nasz piec zapewnia\u00a0<b>pe\u0142n\u0105 kontrol\u0119 nad procesem spalania<\/b>, maksymaln\u0105\u00a0<b>efektywno\u015b\u0107 ciepln\u0105<\/b>\u00a0i\u00a0<b>czystsze powietrze w Twoim domu<\/b>.<\/p>\n<\/div>\n<\/div>\n<\/div>\n<div class=\"mpof_ki myre_zn myre_8v_l m389_6m_l\">\n<div class=\"mp4t_16_s mryx_16_s mr3m_1 mli2_1 mh85_56 mh85_0_l\">\n<div class=\"mgn2_16 _0d3bd_am0a-\">\n<p><b>\u2705\u00a0<\/b><b>Czysta szyba \u2013 zawsze doskona\u0142y widok na ogie\u0144<\/b><\/p>\n<p>Nasz piec wyposa\u017cony jest w<b>\u00a0system oczyszczania szyby,<\/b>\u00a0kt\u00f3ry zapewnia sta\u0142\u0105 przejrzysto\u015b\u0107 i estetyczny wygl\u0105d frontu paleniska. Strumie\u0144 powietrza kierowany jest specjalnymi kana\u0142ami w g\u00f3rnej cz\u0119\u015bci drzwi tak, aby\u00a0<b>owiewa\u0142 powierzchni\u0119 szyby i usuwa\u0142 powstaj\u0105ce zabrudzenia<\/b>. Dzi\u0119ki temu mo\u017cesz cieszy\u0107 si\u0119 widokiem ognia bez konieczno\u015bci cz\u0119stego czyszczenia.\u00a0Wysoka temperatura wewn\u0105trz paleniska dodatkowo wspomaga proces\u00a0<b>samooczyszczania szyby<\/b>\u00a0\u2013 drobne zanieczyszczenia na szybie ulegaj\u0105 wypaleniu.<\/p>\n<p>Zastosowana szyba to\u00a0<b>produkt klasy premium<\/b>, wykonany w Japonii przez \u015bwiatowego lidera w produkcji szk\u0142a \u017caroodpornego. Odporna na temperatury do\u00a0<b>800\u00b0C<\/b>, gwarantuje\u00a0<b>pe\u0142ne bezpiecze\u0144stwo i trwa\u0142o\u015b\u0107<\/b>\u00a0nawet przy intensywnej eksploatacji pieca.<\/p>\n<p><b>Uwaga:<\/b> Je\u015bli chcesz d\u0142ugo cieszy\u0107 si\u0119 efektem czystej szyby, zawsze pal suchym drewnem.<\/p>\n<\/div>\n<\/div>\n<\/div>\n<div class=\"mpof_ki myre_zn myre_8v_l m389_6m_l\">\n<div class=\"mp4t_16_s mryx_16_s mr3m_1 mli2_1 mh85_56 mh85_0_l\">\n<div class=\"mgn2_16 _0d3bd_am0a-\">\n<p><b>\u2705\u00a0<\/b><b>Korpus i pow\u0142oki zewn\u0119trzne \u2013 solidno\u015b\u0107, kt\u00f3ra przetrwa lata<\/b><\/p>\n<p>Korpus pieca zosta\u0142 wykonany z\u00a0<b>wysokogatunkowego \u017celiwa<\/b>, odpornego na wysokie temperatury i intensywn\u0105 eksploatacj\u0119. Stawiamy na\u00a0<b>jako\u015b\u0107 i grubo\u015b\u0107 \u017celiwa<\/b>, dzi\u0119ki czemu konstrukcja jest wyj\u0105tkowo stabilna i trwa\u0142a.\u00a0To urz\u0105dzenie stworzone z my\u015bl\u0105 o\u00a0<b>wieloletnim, niezawodnym u\u017cytkowaniu<\/b>.<\/p>\n<p>Zewn\u0119trzne powierzchnie pieca pokryto\u00a0<b>specjalistyczn\u0105 farb\u0105 \u017caroodporn\u0105<\/b>, odporn\u0105 na temperatury do\u00a0<b>650\u00b0C<\/b>. To pow\u0142oka klasy premium, opracowana w najnowszej technologii, kt\u00f3ra podczas pierwszych rozpale\u0144\u00a0<b>utwardza si\u0119<\/b>, tworz\u0105c\u00a0<b>trwa\u0142\u0105 i odporn\u0105 warstw\u0119 ochronn\u0105<\/b>. Dzi\u0119ki temu piec zachowuje elegancki wygl\u0105d, a jego korpus pozostaje doskonale zabezpieczony na lata.<\/p>\n<\/div>\n<\/div>\n<\/div>\n<div class=\"mpof_ki myre_zn myre_8v_l m389_6m_l\">\n<div class=\"mp4t_16_s mryx_16_s mr3m_1 mli2_1 mh85_56 mh85_0_l\">\n<div class=\"mgn2_16 _0d3bd_am0a-\">\n<p><b>\u2705\u00a0<\/b><b>Opakowanie \u2013 bezpiecze\u0144stwo w transporcie<\/b><\/p>\n<p>Od wielu lat z powodzeniem\u00a0<b>dostarczamy nasze piece do klient\u00f3w w ca\u0142ej Europie<\/b>, dlatego proces pakowania zosta\u0142 dopracowany w ka\u017cdym detalu. Ka\u017cdy piec jest\u00a0<b>starannie zabezpieczony i umieszczony na solidnej palecie<\/b>, co gwarantuje\u00a0<b>stabilno\u015b\u0107 i bezpiecze\u0144stwo podczas transportu<\/b>.<\/p>\n<p>Dzi\u0119ki takiemu przygotowaniu masz pewno\u015b\u0107, \u017ce Tw\u00f3j piec dotrze\u00a0<b>w idealnym stanie \u2013 bez uszkodze\u0144 i gotowy do monta\u017cu<\/b>.<\/p>\n<\/div>\n<\/div>\n<\/div>\n<div class=\"mpof_ki myre_zn myre_8v_l m389_6m_l\">\n<div class=\"mp4t_16_s mryx_16_s mr3m_1 mli2_1 mh85_56 mh85_0_l\">\n<div class=\"mgn2_16 _0d3bd_am0a-\">\n<p><b>\u2705 Jeste\u015bmy antysmogowi! &#8211; EKOPROJEKT &#8211; ECODESIGN<\/b><\/p>\n<p>Od 2022 roku w Unii Europejskiej obowi\u0105zuj\u0105 bardzo\u00a0<b>restrykcyjne normy<\/b>\u00a0dotycz\u0105ce emisji spalin przez piece wolnostoj\u0105ce zwane\u00a0<b>Ekoprojektem<\/b>\u00a0(Ecodesign). Dyrektywa Parlamentu Europejskiego i Rady 2009\/125\/WE nazywana r\u00f3wnie\u017c\u00a0<b>Ekoprojektem<\/b>\u00a0okre\u015bla jakie parametry techniczne powinny spe\u0142nia\u0107 nowe piece dopuszczone do u\u017cytkowania od pocz\u0105tku 2022 r. Chodzi g\u0142\u00f3wnie o emisj\u0119 py\u0142\u00f3w, tlenku w\u0119gla, tlenku azotu i zwi\u0105zk\u00f3w organicznych.\u00a0<b>Piece zgodne z Ekoprojektem spe\u0142niaj\u0105 r\u00f3wnie\u017c wymagania tzw. uchwa\u0142 antysmogowych przyj\u0119tych przez samorz\u0105dy wielu region\u00f3w Polski.<\/b>\u00a0Wszytkie oferowane przez nas urz\u0105dzenia\u00a0<b>spe\u0142niaj\u0105 te wymagania<\/b> i zosta\u0142y w spos\u00f3b czytelny oznakowane zielonym logo Ekoprojekt.<\/p>\n<\/div>\n<\/div>\n<\/div>\n<div class=\"mpof_ki myre_zn myre_8v_l m389_6m_l\">\n<div class=\"mp4t_16_s mryx_16_s mr3m_1 mli2_1 mh85_56 mh85_0_l\">\n<div class=\"mgn2_16 _0d3bd_am0a-\">\n<p><b>\u2705 Jako\u015b\u0107, kt\u00f3rej mo\u017cesz zaufa\u0107 \u2013 od 20 lat<\/b><\/p>\n<p>Od blisko dw\u00f3ch dekad specjalizujemy si\u0119 w sprzeda\u017cy, projektowaniu i produkcji piec\u00f3w kominkowych, kt\u00f3re \u0142\u0105cz\u0105 w sobie solidno\u015b\u0107 wykonania, funkcjonalno\u015b\u0107 i nowoczesn\u0105 ekologi\u0119. Jeste\u015bmy zespo\u0142em profesjonalist\u00f3w z do\u015bwiadczeniem, kt\u00f3rzy wiedz\u0105, jak stworzy\u0107 produkt nie tylko pi\u0119kny, ale przede wszystkim trwa\u0142y \u2013 stworzony z my\u015bl\u0105 o wieloletnim u\u017cytkowaniu.<\/p>\n<p>Nasze piece kominkowe to efekt pasji, precyzyjnego rzemios\u0142a i dba\u0142o\u015bci o ka\u017cdy detal. Dzi\u0119ki innowacyjnym rozwi\u0105zaniom technologicznym oferujemy urz\u0105dzenia, kt\u00f3re ogrzej\u0105 Tw\u00f3j dom, jednocze\u015bnie dbaj\u0105c o \u015brodowisko naturalne.<\/p>\n<\/div>\n<\/div>\n<\/div>\n","protected":false},"excerpt":{"rendered":"<p>Stan Nowy Faktura Wystawiam faktur\u0119 VAT Marka Komin-Expert Materia\u0142 wykonania \u017celiwny Rodzaj pieca powietrzny Moc (kW) 6-10 G\u0142\u0119boko\u015b\u0107 44 cm<\/p>\n","protected":false},"featured_media":29810,"comment_status":"open","ping_status":"closed","template":"","meta":[],"product_brand":[],"product_cat":[78],"product_tag":[],"class_list":{"0":"post-29802","1":"product","2":"type-product","3":"status-publish","4":"has-post-thumbnail","6":"product_cat-piece-na-drewno","8":"first","9":"instock","10":"shipping-taxable","11":"purchasable","12":"product-type-simple"},"_links":{"self":[{"href":"https:\/\/ogrod-dekoracja.pl\/index.php?rest_route=\/wp\/v2\/product\/29802","targetHints":{"allow":["GET"]}}],"collection":[{"href":"https:\/\/ogrod-dekoracja.pl\/index.php?rest_route=\/wp\/v2\/product"}],"about":[{"href":"https:\/\/ogrod-dekoracja.pl\/index.php?rest_route=\/wp\/v2\/types\/product"}],"replies":[{"embeddable":true,"href":"https:\/\/ogrod-dekoracja.pl\/index.php?rest_route=%2Fwp%2Fv2%2Fcomments&post=29802"}],"version-history":[{"count":1,"href":"https:\/\/ogrod-dekoracja.pl\/index.php?rest_route=\/wp\/v2\/product\/29802\/revisions"}],"predecessor-version":[{"id":29811,"href":"https:\/\/ogrod-dekoracja.pl\/index.php?rest_route=\/wp\/v2\/product\/29802\/revisions\/29811"}],"wp:featuredmedia":[{"embeddable":true,"href":"https:\/\/ogrod-dekoracja.pl\/index.php?rest_route=\/wp\/v2\/media\/29810"}],"wp:attachment":[{"href":"https:\/\/ogrod-dekoracja.pl\/index.php?rest_route=%2Fwp%2Fv2%2Fmedia&parent=29802"}],"wp:term":[{"taxonomy":"product_brand","embeddable":true,"href":"https:\/\/ogrod-dekoracja.pl\/index.php?rest_route=%2Fwp%2Fv2%2Fproduct_brand&post=29802"},{"taxonomy":"product_cat","embeddable":true,"href":"https:\/\/ogrod-dekoracja.pl\/index.php?rest_route=%2Fwp%2Fv2%2Fproduct_cat&post=29802"},{"taxonomy":"product_tag","embeddable":true,"href":"https:\/\/ogrod-dekoracja.pl\/index.php?rest_route=%2Fwp%2Fv2%2Fproduct_tag&post=29802"}],"curies":[{"name":"wp","href":"https:\/\/api.w.org\/{rel}","templated":true}]}}