{"id":29585,"date":"2025-12-06T07:50:53","date_gmt":"2025-12-06T06:50:53","guid":{"rendered":"https:\/\/ogrod-dekoracja.pl\/?post_type=product&#038;p=29585"},"modified":"2026-01-13T00:23:48","modified_gmt":"2026-01-12T23:23:48","slug":"kociol-piec-technix-pellwood-15-kw-5klasa-pellet-drewno-ruszt-duze-palenis","status":"publish","type":"product","link":"https:\/\/ogrod-dekoracja.pl\/?product=kociol-piec-technix-pellwood-15-kw-5klasa-pellet-drewno-ruszt-duze-palenis","title":{"rendered":"Kocio\u0142 piec Technix pellwood 15 kw 5klasa pellet\/ drewno RUSZT DU\u017bE PALENIS"},"content":{"rendered":"<table class=\"myre_zn mp7g_oh q1v2b mp0t_0a msts_pt m7er_k4\">\n<tbody>\n<tr class=\"mupj_5k mjyo_6x mzmg_7i mj7a_8 mh36_16 mg9e_8 m09p_40 mgn2_14 msts_hk\">\n<td class=\"mpof_vs mupj_5k mjyo_6x mj7a_8 mg9e_8 m09p_40 mzmg_7i mh36_8 mgmw_3z mp4t_0 m3h2_0 mryx_0 munh_0 msts_n7 _3c6dd_SpQem\">Stan<\/td>\n<td class=\"mpof_vs mupj_5k mjyo_6x mzmg_7i mj7a_8 mh36_16 mg9e_8 m09p_40 mvrt_8 mgmw_wo m9qz_yp _3c6dd_AYKa3\">\n<div class=\"mpof_ki m389_6m _3c6dd_KEYaD\">Nowy<\/div>\n<\/td>\n<\/tr>\n<tr class=\"mupj_5k mjyo_6x mzmg_7i mj7a_8 mh36_16 mg9e_8 m09p_40 mgn2_14\">\n<td class=\"mpof_vs mupj_5k mjyo_6x mj7a_8 mg9e_8 m09p_40 mzmg_7i mh36_8 mgmw_3z mp4t_0 m3h2_0 mryx_0 munh_0 msts_n7 _3c6dd_SpQem\">Faktura<\/td>\n<td class=\"mpof_vs mupj_5k mjyo_6x mzmg_7i mj7a_8 mh36_16 mg9e_8 m09p_40 mvrt_8 mgmw_wo m9qz_yp _3c6dd_AYKa3\">\n<div class=\"mpof_ki m389_6m _3c6dd_KEYaD\">Wystawiam faktur\u0119 VAT<\/div>\n<\/td>\n<\/tr>\n<tr class=\"mupj_5k mjyo_6x mzmg_7i mj7a_8 mh36_16 mg9e_8 m09p_40 mgn2_14 msts_hk\">\n<td class=\"mpof_vs mupj_5k mjyo_6x mj7a_8 mg9e_8 m09p_40 mzmg_7i mh36_8 mgmw_3z mp4t_0 m3h2_0 mryx_0 munh_0 msts_n7 _3c6dd_SpQem\">Marka<\/td>\n<td class=\"mpof_vs mupj_5k mjyo_6x mzmg_7i mj7a_8 mh36_16 mg9e_8 m09p_40 mvrt_8 mgmw_wo m9qz_yp _3c6dd_AYKa3\">\n<div class=\"mpof_ki m389_6m _3c6dd_KEYaD\">bez marki<\/div>\n<\/td>\n<\/tr>\n<tr class=\"mupj_5k mjyo_6x mzmg_7i mj7a_8 mh36_16 mg9e_8 m09p_40 mgn2_14\">\n<td class=\"mpof_vs mupj_5k mjyo_6x mj7a_8 mg9e_8 m09p_40 mzmg_7i mh36_8 mgmw_3z mp4t_0 m3h2_0 mryx_0 munh_0 msts_n7 _3c6dd_SpQem\">Rodzaj sterownika<\/td>\n<td class=\"mpof_vs mupj_5k mjyo_6x mzmg_7i mj7a_8 mh36_16 mg9e_8 m09p_40 mvrt_8 mgmw_wo m9qz_yp _3c6dd_AYKa3\">\n<div class=\"mpof_ki m389_6m _3c6dd_KEYaD\">PID<\/div>\n<\/td>\n<\/tr>\n<tr class=\"mupj_5k mjyo_6x mzmg_7i mj7a_8 mh36_16 mg9e_8 m09p_40 mgn2_14 msts_hk\">\n<td class=\"mpof_vs mupj_5k mjyo_6x mj7a_8 mg9e_8 m09p_40 mzmg_7i mh36_8 mgmw_3z mp4t_0 m3h2_0 mryx_0 munh_0 msts_n7 _3c6dd_SpQem\">Materia\u0142<\/td>\n<td class=\"mpof_vs mupj_5k mjyo_6x mzmg_7i mj7a_8 mh36_16 mg9e_8 m09p_40 mvrt_8 mgmw_wo m9qz_yp _3c6dd_AYKa3\">\n<div class=\"mpof_ki m389_6m _3c6dd_KEYaD\">stalowy<\/div>\n<\/td>\n<\/tr>\n<tr class=\"mupj_5k mjyo_6x mzmg_7i mj7a_8 mh36_16 mg9e_8 m09p_40 mgn2_14\">\n<td class=\"mpof_vs mupj_5k mjyo_6x mj7a_8 mg9e_8 m09p_40 mzmg_7i mh36_8 mgmw_3z mp4t_0 m3h2_0 mryx_0 munh_0 msts_n7 _3c6dd_SpQem\">Moc<\/td>\n<td class=\"mpof_vs mupj_5k mjyo_6x mzmg_7i mj7a_8 mh36_16 mg9e_8 m09p_40 mvrt_8 mgmw_wo m9qz_yp _3c6dd_AYKa3\">\n<div class=\"mpof_ki m389_6m _3c6dd_KEYaD\">15 kW<\/div>\n<\/td>\n<\/tr>\n<tr class=\"mupj_5k mjyo_6x mzmg_7i mj7a_8 mh36_16 mg9e_8 m09p_40 mgn2_14 msts_hk\">\n<td class=\"mpof_vs mupj_5k mjyo_6x mj7a_8 mg9e_8 m09p_40 mzmg_7i mh36_8 mgmw_3z mp4t_0 m3h2_0 mryx_0 munh_0 msts_n7 _3c6dd_SpQem\">Klasa kot\u0142a<\/td>\n<td class=\"mpof_vs mupj_5k mjyo_6x mzmg_7i mj7a_8 mh36_16 mg9e_8 m09p_40 mvrt_8 mgmw_wo m9qz_yp _3c6dd_AYKa3\">\n<div class=\"mpof_ki m389_6m _3c6dd_KEYaD\">5\/ecodesign<\/div>\n<\/td>\n<\/tr>\n<tr class=\"mupj_5k mjyo_6x mzmg_7i mj7a_8 mh36_16 mg9e_8 m09p_40 mgn2_14\">\n<td class=\"mpof_vs mupj_5k mjyo_6x mj7a_8 mg9e_8 m09p_40 mzmg_7i mh36_8 mgmw_3z mp4t_0 m3h2_0 mryx_0 munh_0 msts_n7 _3c6dd_SpQem\">Kod producenta<\/td>\n<td class=\"mpof_vs mupj_5k mjyo_6x mzmg_7i mj7a_8 mh36_16 mg9e_8 m09p_40 mvrt_8 mgmw_wo m9qz_yp _3c6dd_AYKa3\">\n<div class=\"mpof_ki m389_6m _3c6dd_KEYaD\">Technix pellwood 15kw<\/div>\n<\/td>\n<\/tr>\n<tr class=\"mupj_5k mjyo_6x mzmg_7i mj7a_8 mh36_16 mg9e_8 m09p_40 mgn2_14 msts_hk\">\n<td class=\"mpof_vs mupj_5k mjyo_6x mj7a_8 mg9e_8 m09p_40 mzmg_7i mh36_8 mgmw_3z mp4t_0 m3h2_0 mryx_0 munh_0 msts_n7 _3c6dd_SpQem\">Waga produktu z opakowaniem jednostkowym<\/td>\n<td class=\"mpof_vs mupj_5k mjyo_6x mzmg_7i mj7a_8 mh36_16 mg9e_8 m09p_40 mvrt_8 mgmw_wo m9qz_yp _3c6dd_AYKa3\">\n<div class=\"mpof_ki m389_6m _3c6dd_KEYaD\">484 kg<\/div>\n<\/td>\n<\/tr>\n<tr class=\"mupj_5k mjyo_6x mzmg_7i mj7a_8 mh36_16 mg9e_8 m09p_40 mgn2_14\">\n<td class=\"mpof_vs mupj_5k mjyo_6x mj7a_8 mg9e_8 m09p_40 mzmg_7i mh36_8 mgmw_3z mp4t_0 m3h2_0 mryx_0 munh_0 msts_n7 _3c6dd_SpQem\">Stan opakowania<\/td>\n<td class=\"mpof_vs mupj_5k mjyo_6x mzmg_7i mj7a_8 mh36_16 mg9e_8 m09p_40 mvrt_8 mgmw_wo m9qz_yp _3c6dd_AYKa3\">\n<div class=\"mpof_ki m389_6m _3c6dd_KEYaD\">oryginalne<\/div>\n<\/td>\n<\/tr>\n<tr class=\"mupj_5k mjyo_6x mzmg_7i mj7a_8 mh36_16 mg9e_8 m09p_40 mgn2_14 msts_hk\">\n<td class=\"mpof_vs mupj_5k mjyo_6x mj7a_8 mg9e_8 m09p_40 mzmg_7i mh36_8 mgmw_3z mp4t_0 m3h2_0 mryx_0 munh_0 msts_n7 _3c6dd_SpQem\">Zakres klas efektywno\u015bci energetycznej<\/td>\n<td class=\"mpof_vs mupj_5k mjyo_6x mzmg_7i mj7a_8 mh36_16 mg9e_8 m09p_40 mvrt_8 mgmw_wo m9qz_yp _3c6dd_AYKa3\">\n<div class=\"mpof_ki m389_6m _3c6dd_KEYaD\">A+ &#8211; G<\/div>\n<\/td>\n<\/tr>\n<tr class=\"mupj_5k mjyo_6x mzmg_7i mj7a_8 mh36_16 mg9e_8 m09p_40 mgn2_14\">\n<td class=\"mpof_vs mupj_5k mjyo_6x mj7a_8 mg9e_8 m09p_40 mzmg_7i mh36_8 mgmw_3z mp4t_0 m3h2_0 mryx_0 munh_0 msts_n7 _3c6dd_SpQem\">Klasa efektywno\u015bci energetycznej<\/td>\n<td class=\"mpof_vs mupj_5k mjyo_6x mzmg_7i mj7a_8 mh36_16 mg9e_8 m09p_40 mvrt_8 mgmw_wo m9qz_yp _3c6dd_AYKa3\">\n<div class=\"mpof_ki m389_6m _3c6dd_KEYaD\">A+<\/div>\n<\/td>\n<\/tr>\n<tr class=\"mupj_5k mjyo_6x mzmg_7i mj7a_8 mh36_16 mg9e_8 m09p_40 mgn2_14 msts_hk\">\n<td class=\"mpof_vs mupj_5k mjyo_6x mj7a_8 mg9e_8 m09p_40 mzmg_7i mh36_8 mgmw_3z mp4t_0 m3h2_0 mryx_0 munh_0 msts_n7 _3c6dd_SpQem\">Certyfikaty zgodno\u015bci<\/td>\n<td class=\"mpof_vs mupj_5k mjyo_6x mzmg_7i mj7a_8 mh36_16 mg9e_8 m09p_40 mvrt_8 mgmw_wo m9qz_yp _3c6dd_AYKa3\">\n<div class=\"mpof_ki m389_6m _3c6dd_KEYaD\">CE<\/div>\n<\/td>\n<\/tr>\n<tr class=\"mupj_5k mjyo_6x mzmg_7i mj7a_8 mh36_16 mg9e_8 m09p_40 mgn2_14\">\n<td class=\"mpof_vs mupj_5k mjyo_6x mj7a_8 mg9e_8 m09p_40 mzmg_7i mh36_8 mgmw_3z mp4t_0 m3h2_0 mryx_0 munh_0 msts_n7 _3c6dd_SpQem\">Rodzaj paliwa<\/td>\n<td class=\"mpof_vs mupj_5k mjyo_6x mzmg_7i mj7a_8 mh36_16 mg9e_8 m09p_40 mvrt_8 mgmw_wo m9qz_yp _3c6dd_AYKa3\">\n<div class=\"mpof_ki m389_6m _3c6dd_KEYaD\">drewno, pellet<\/div>\n<\/td>\n<\/tr>\n<tr class=\"mupj_5k mjyo_6x mzmg_7i mj7a_8 mh36_16 mg9e_8 m09p_40 mgn2_14 msts_hk\">\n<td class=\"mpof_vs mupj_5k mjyo_6x mj7a_8 mg9e_8 m09p_40 mzmg_7i mh36_8 mgmw_3z mp4t_0 m3h2_0 mryx_0 munh_0 msts_n7 _3c6dd_SpQem\">Informacje dodatkowe<\/td>\n<td class=\"mpof_vs mupj_5k mjyo_6x mzmg_7i mj7a_8 mh36_16 mg9e_8 m09p_40 mvrt_8 mgmw_wo m9qz_yp _3c6dd_AYKa3\">\n<div class=\"mpof_ki m389_6m _3c6dd_KEYaD\">dopuszczalna praca w uk\u0142adzie zamkni\u0119tym, kocio\u0142 z podajnikiem, podajnik po lewej stronie, podajnik po prawej stronie<\/div>\n<\/td>\n<\/tr>\n<\/tbody>\n<\/table>\n<p>&nbsp;<\/p>\n","protected":false},"excerpt":{"rendered":"<table class=\"myre_zn mp7g_oh q1v2b mp0t_0a msts_pt m7er_k4\">\n<tbody>\n<tr class=\"mupj_5k mjyo_6x mzmg_7i mj7a_8 mh36_16 mg9e_8 m09p_40 mgn2_14 msts_hk\">\n<td class=\"mpof_vs mupj_5k mjyo_6x mj7a_8 mg9e_8 m09p_40 mzmg_7i mh36_8 mgmw_3z mp4t_0 m3h2_0 mryx_0 munh_0 msts_n7 _3c6dd_SpQem\">Stan<\/td>\n<td class=\"mpof_vs mupj_5k mjyo_6x mzmg_7i mj7a_8 mh36_16 mg9e_8 m09p_40 mvrt_8 mgmw_wo m9qz_yp _3c6dd_AYKa3\">\n<div class=\"mpof_ki m389_6m _3c6dd_KEYaD\">Nowy<\/div>\n<\/td>\n<\/tr>\n<tr class=\"mupj_5k mjyo_6x mzmg_7i mj7a_8 mh36_16 mg9e_8 m09p_40 mgn2_14\">\n<td class=\"mpof_vs mupj_5k mjyo_6x mj7a_8 mg9e_8 m09p_40 mzmg_7i mh36_8 mgmw_3z mp4t_0 m3h2_0 mryx_0 munh_0 msts_n7 _3c6dd_SpQem\">Faktura<\/td>\n<td class=\"mpof_vs mupj_5k mjyo_6x mzmg_7i mj7a_8 mh36_16 mg9e_8 m09p_40 mvrt_8 mgmw_wo m9qz_yp _3c6dd_AYKa3\">\n<div class=\"mpof_ki m389_6m _3c6dd_KEYaD\">Wystawiam faktur\u0119 VAT<\/div>\n<\/td>\n<\/tr>\n<tr class=\"mupj_5k mjyo_6x mzmg_7i mj7a_8 mh36_16 mg9e_8 m09p_40 mgn2_14 msts_hk\">\n<td class=\"mpof_vs mupj_5k mjyo_6x mj7a_8 mg9e_8 m09p_40 mzmg_7i mh36_8 mgmw_3z mp4t_0 m3h2_0 mryx_0 munh_0 msts_n7 _3c6dd_SpQem\">Marka<\/td>\n<td class=\"mpof_vs mupj_5k mjyo_6x mzmg_7i mj7a_8 mh36_16 mg9e_8 m09p_40 mvrt_8 mgmw_wo m9qz_yp _3c6dd_AYKa3\">\n<div class=\"mpof_ki m389_6m _3c6dd_KEYaD\">bez marki<\/div>\n<\/td>\n<\/tr>\n<tr class=\"mupj_5k mjyo_6x mzmg_7i mj7a_8 mh36_16 mg9e_8 m09p_40 mgn2_14\">\n<td class=\"mpof_vs mupj_5k mjyo_6x mj7a_8 mg9e_8 m09p_40 mzmg_7i mh36_8 mgmw_3z mp4t_0 m3h2_0 mryx_0 munh_0 msts_n7 _3c6dd_SpQem\">Rodzaj sterownika<\/td>\n<td class=\"mpof_vs mupj_5k mjyo_6x mzmg_7i mj7a_8 mh36_16 mg9e_8 m09p_40 mvrt_8 mgmw_wo m9qz_yp _3c6dd_AYKa3\">\n<div class=\"mpof_ki m389_6m _3c6dd_KEYaD\">PID<\/div>\n<\/td>\n<\/tr>\n<tr class=\"mupj_5k mjyo_6x mzmg_7i mj7a_8 mh36_16 mg9e_8 m09p_40 mgn2_14 msts_hk\">\n<td class=\"mpof_vs mupj_5k mjyo_6x mj7a_8 mg9e_8 m09p_40 mzmg_7i mh36_8 mgmw_3z mp4t_0 m3h2_0 mryx_0 munh_0 msts_n7 _3c6dd_SpQem\">Materia\u0142<\/td>\n<td class=\"mpof_vs mupj_5k mjyo_6x mzmg_7i mj7a_8 mh36_16 mg9e_8 m09p_40 mvrt_8 mgmw_wo m9qz_yp _3c6dd_AYKa3\">\n<div class=\"mpof_ki m389_6m _3c6dd_KEYaD\">stalowy<\/div>\n<\/td>\n<\/tr>\n<tr class=\"mupj_5k mjyo_6x mzmg_7i mj7a_8 mh36_16 mg9e_8 m09p_40 mgn2_14\">\n<td class=\"mpof_vs mupj_5k mjyo_6x mj7a_8 mg9e_8 m09p_40 mzmg_7i mh36_8 mgmw_3z mp4t_0 m3h2_0 mryx_0 munh_0 msts_n7 _3c6dd_SpQem\">Moc<\/td>\n<td class=\"mpof_vs mupj_5k mjyo_6x mzmg_7i mj7a_8 mh36_16 mg9e_8 m09p_40 mvrt_8 mgmw_wo m9qz_yp _3c6dd_AYKa3\">\n<div class=\"mpof_ki m389_6m _3c6dd_KEYaD\">15 kW<\/div>\n<\/td>\n<\/tr>\n<tr class=\"mupj_5k mjyo_6x mzmg_7i mj7a_8 mh36_16 mg9e_8 m09p_40 mgn2_14 msts_hk\">\n<td class=\"mpof_vs mupj_5k mjyo_6x mj7a_8 mg9e_8 m09p_40 mzmg_7i mh36_8 mgmw_3z mp4t_0 m3h2_0 mryx_0 munh_0 msts_n7 _3c6dd_SpQem\">Klasa kot\u0142a<\/td>\n<td class=\"mpof_vs mupj_5k mjyo_6x mzmg_7i mj7a_8 mh36_16 mg9e_8 m09p_40 mvrt_8 mgmw_wo m9qz_yp _3c6dd_AYKa3\">\n<div class=\"mpof_ki m389_6m _3c6dd_KEYaD\">5\/ecodesign<\/div>\n<\/td>\n<\/tr>\n<tr class=\"mupj_5k mjyo_6x mzmg_7i mj7a_8 mh36_16 mg9e_8 m09p_40 mgn2_14\">\n<td class=\"mpof_vs mupj_5k mjyo_6x mj7a_8 mg9e_8 m09p_40 mzmg_7i mh36_8 mgmw_3z mp4t_0 m3h2_0 mryx_0 munh_0 msts_n7 _3c6dd_SpQem\">Kod producenta<\/td>\n<td class=\"mpof_vs mupj_5k mjyo_6x mzmg_7i mj7a_8 mh36_16 mg9e_8 m09p_40 mvrt_8 mgmw_wo m9qz_yp _3c6dd_AYKa3\">\n<div class=\"mpof_ki m389_6m _3c6dd_KEYaD\">Technix pellwood 15kw<\/div>\n<\/td>\n<\/tr>\n<tr class=\"mupj_5k mjyo_6x mzmg_7i mj7a_8 mh36_16 mg9e_8 m09p_40 mgn2_14 msts_hk\">\n<td class=\"mpof_vs mupj_5k mjyo_6x mj7a_8 mg9e_8 m09p_40 mzmg_7i mh36_8 mgmw_3z mp4t_0 m3h2_0 mryx_0 munh_0 msts_n7 _3c6dd_SpQem\">Waga produktu z opakowaniem jednostkowym<\/td>\n<td class=\"mpof_vs mupj_5k mjyo_6x mzmg_7i mj7a_8 mh36_16 mg9e_8 m09p_40 mvrt_8 mgmw_wo m9qz_yp _3c6dd_AYKa3\">\n<div class=\"mpof_ki m389_6m _3c6dd_KEYaD\">484 kg<\/div>\n<\/td>\n<\/tr>\n<tr class=\"mupj_5k mjyo_6x mzmg_7i mj7a_8 mh36_16 mg9e_8 m09p_40 mgn2_14\">\n<td class=\"mpof_vs mupj_5k mjyo_6x mj7a_8 mg9e_8 m09p_40 mzmg_7i mh36_8 mgmw_3z mp4t_0 m3h2_0 mryx_0 munh_0 msts_n7 _3c6dd_SpQem\">Stan opakowania<\/td>\n<td class=\"mpof_vs mupj_5k mjyo_6x mzmg_7i mj7a_8 mh36_16 mg9e_8 m09p_40 mvrt_8 mgmw_wo m9qz_yp _3c6dd_AYKa3\">\n<div class=\"mpof_ki m389_6m _3c6dd_KEYaD\">oryginalne<\/div>\n<\/td>\n<\/tr>\n<tr class=\"mupj_5k mjyo_6x mzmg_7i mj7a_8 mh36_16 mg9e_8 m09p_40 mgn2_14 msts_hk\">\n<td class=\"mpof_vs mupj_5k mjyo_6x mj7a_8 mg9e_8 m09p_40 mzmg_7i mh36_8 mgmw_3z mp4t_0 m3h2_0 mryx_0 munh_0 msts_n7 _3c6dd_SpQem\">Zakres klas efektywno\u015bci energetycznej<\/td>\n<td class=\"mpof_vs mupj_5k mjyo_6x mzmg_7i mj7a_8 mh36_16 mg9e_8 m09p_40 mvrt_8 mgmw_wo m9qz_yp _3c6dd_AYKa3\">\n<div class=\"mpof_ki m389_6m _3c6dd_KEYaD\">A+ &#8211; G<\/div>\n<\/td>\n<\/tr>\n<tr class=\"mupj_5k mjyo_6x mzmg_7i mj7a_8 mh36_16 mg9e_8 m09p_40 mgn2_14\">\n<td class=\"mpof_vs mupj_5k mjyo_6x mj7a_8 mg9e_8 m09p_40 mzmg_7i mh36_8 mgmw_3z mp4t_0 m3h2_0 mryx_0 munh_0 msts_n7 _3c6dd_SpQem\">Klasa efektywno\u015bci energetycznej<\/td>\n<td class=\"mpof_vs mupj_5k mjyo_6x mzmg_7i mj7a_8 mh36_16 mg9e_8 m09p_40 mvrt_8 mgmw_wo m9qz_yp _3c6dd_AYKa3\">\n<div class=\"mpof_ki m389_6m _3c6dd_KEYaD\">A+<\/div>\n<\/td>\n<\/tr>\n<tr class=\"mupj_5k mjyo_6x mzmg_7i mj7a_8 mh36_16 mg9e_8 m09p_40 mgn2_14 msts_hk\">\n<td class=\"mpof_vs mupj_5k mjyo_6x mj7a_8 mg9e_8 m09p_40 mzmg_7i mh36_8 mgmw_3z mp4t_0 m3h2_0 mryx_0 munh_0 msts_n7 _3c6dd_SpQem\">Certyfikaty zgodno\u015bci<\/td>\n<td class=\"mpof_vs mupj_5k mjyo_6x mzmg_7i mj7a_8 mh36_16 mg9e_8 m09p_40 mvrt_8 mgmw_wo m9qz_yp _3c6dd_AYKa3\">\n<div class=\"mpof_ki m389_6m _3c6dd_KEYaD\">CE<\/div>\n<\/td>\n<\/tr>\n<tr class=\"mupj_5k mjyo_6x mzmg_7i mj7a_8 mh36_16 mg9e_8 m09p_40 mgn2_14\">\n<td class=\"mpof_vs mupj_5k mjyo_6x mj7a_8 mg9e_8 m09p_40 mzmg_7i mh36_8 mgmw_3z mp4t_0 m3h2_0 mryx_0 munh_0 msts_n7 _3c6dd_SpQem\">Rodzaj paliwa<\/td>\n<td class=\"mpof_vs mupj_5k mjyo_6x mzmg_7i mj7a_8 mh36_16 mg9e_8 m09p_40 mvrt_8 mgmw_wo m9qz_yp _3c6dd_AYKa3\">\n<div class=\"mpof_ki m389_6m _3c6dd_KEYaD\">drewno, pellet<\/div>\n<\/td>\n<\/tr>\n<tr class=\"mupj_5k mjyo_6x mzmg_7i mj7a_8 mh36_16 mg9e_8 m09p_40 mgn2_14 msts_hk\">\n<td class=\"mpof_vs mupj_5k mjyo_6x mj7a_8 mg9e_8 m09p_40 mzmg_7i mh36_8 mgmw_3z mp4t_0 m3h2_0 mryx_0 munh_0 msts_n7 _3c6dd_SpQem\">Informacje dodatkowe<\/td>\n<td class=\"mpof_vs mupj_5k mjyo_6x mzmg_7i mj7a_8 mh36_16 mg9e_8 m09p_40 mvrt_8 mgmw_wo m9qz_yp _3c6dd_AYKa3\">\n<div class=\"mpof_ki m389_6m _3c6dd_KEYaD\">dopuszczalna praca w uk\u0142adzie zamkni\u0119tym, kocio\u0142 z podajnikiem, podajnik po lewej stronie, podajnik po prawej stronie<\/div>\n<\/td>\n<\/tr>\n<\/tbody>\n<\/table>\n<p>&nbsp;<\/p>\n","protected":false},"featured_media":29593,"comment_status":"open","ping_status":"closed","template":"","meta":[],"product_brand":[],"product_cat":[77],"product_tag":[],"class_list":{"0":"post-29585","1":"product","2":"type-product","3":"status-publish","4":"has-post-thumbnail","6":"product_cat-piece-na-pellet","8":"first","9":"instock","10":"sale","11":"shipping-taxable","12":"purchasable","13":"product-type-simple"},"_links":{"self":[{"href":"https:\/\/ogrod-dekoracja.pl\/index.php?rest_route=\/wp\/v2\/product\/29585","targetHints":{"allow":["GET"]}}],"collection":[{"href":"https:\/\/ogrod-dekoracja.pl\/index.php?rest_route=\/wp\/v2\/product"}],"about":[{"href":"https:\/\/ogrod-dekoracja.pl\/index.php?rest_route=\/wp\/v2\/types\/product"}],"replies":[{"embeddable":true,"href":"https:\/\/ogrod-dekoracja.pl\/index.php?rest_route=%2Fwp%2Fv2%2Fcomments&post=29585"}],"version-history":[{"count":2,"href":"https:\/\/ogrod-dekoracja.pl\/index.php?rest_route=\/wp\/v2\/product\/29585\/revisions"}],"predecessor-version":[{"id":30906,"href":"https:\/\/ogrod-dekoracja.pl\/index.php?rest_route=\/wp\/v2\/product\/29585\/revisions\/30906"}],"wp:featuredmedia":[{"embeddable":true,"href":"https:\/\/ogrod-dekoracja.pl\/index.php?rest_route=\/wp\/v2\/media\/29593"}],"wp:attachment":[{"href":"https:\/\/ogrod-dekoracja.pl\/index.php?rest_route=%2Fwp%2Fv2%2Fmedia&parent=29585"}],"wp:term":[{"taxonomy":"product_brand","embeddable":true,"href":"https:\/\/ogrod-dekoracja.pl\/index.php?rest_route=%2Fwp%2Fv2%2Fproduct_brand&post=29585"},{"taxonomy":"product_cat","embeddable":true,"href":"https:\/\/ogrod-dekoracja.pl\/index.php?rest_route=%2Fwp%2Fv2%2Fproduct_cat&post=29585"},{"taxonomy":"product_tag","embeddable":true,"href":"https:\/\/ogrod-dekoracja.pl\/index.php?rest_route=%2Fwp%2Fv2%2Fproduct_tag&post=29585"}],"curies":[{"name":"wp","href":"https:\/\/api.w.org\/{rel}","templated":true}]}}