{"id":29413,"date":"2025-12-05T21:52:54","date_gmt":"2025-12-05T20:52:54","guid":{"rendered":"https:\/\/ogrod-dekoracja.pl\/?post_type=product&#038;p=29413"},"modified":"2026-01-13T00:23:53","modified_gmt":"2026-01-12T23:23:53","slug":"kontener-biurowo-magazynowy-6-x-25-z-plyty-warstwowej-gruba-rama-antracyt","status":"publish","type":"product","link":"https:\/\/ogrod-dekoracja.pl\/?product=kontener-biurowo-magazynowy-6-x-25-z-plyty-warstwowej-gruba-rama-antracyt","title":{"rendered":"Kontener biurowo magazynowy 6 x 2,5 z p\u0142yty warstwowej gruba rama antracyt"},"content":{"rendered":"<table class=\"myre_zn mp7g_oh q1v2b mp0t_0a msts_pt m7er_k4\">\n<tbody>\n<tr class=\"mupj_5k mjyo_6x mzmg_7i mj7a_8 mh36_16 mg9e_8 m09p_40 mgn2_14 msts_hk\">\n<td class=\"mpof_vs mupj_5k mjyo_6x mj7a_8 mg9e_8 m09p_40 mzmg_7i mh36_8 mgmw_3z mp4t_0 m3h2_0 mryx_0 munh_0 msts_n7 _3c6dd_SpQem\">Stan<\/td>\n<td class=\"mpof_vs mupj_5k mjyo_6x mzmg_7i mj7a_8 mh36_16 mg9e_8 m09p_40 mvrt_8 mgmw_wo m9qz_yp _3c6dd_AYKa3\">\n<div class=\"mpof_ki m389_6m _3c6dd_KEYaD\">Nowy<\/div>\n<\/td>\n<\/tr>\n<tr class=\"mupj_5k mjyo_6x mzmg_7i mj7a_8 mh36_16 mg9e_8 m09p_40 mgn2_14\">\n<td class=\"mpof_vs mupj_5k mjyo_6x mj7a_8 mg9e_8 m09p_40 mzmg_7i mh36_8 mgmw_3z mp4t_0 m3h2_0 mryx_0 munh_0 msts_n7 _3c6dd_SpQem\">Faktura<\/td>\n<td class=\"mpof_vs mupj_5k mjyo_6x mzmg_7i mj7a_8 mh36_16 mg9e_8 m09p_40 mvrt_8 mgmw_wo m9qz_yp _3c6dd_AYKa3\">\n<div class=\"mpof_ki m389_6m _3c6dd_KEYaD\">Wystawiam faktur\u0119 VAT<\/div>\n<\/td>\n<\/tr>\n<tr class=\"mupj_5k mjyo_6x mzmg_7i mj7a_8 mh36_16 mg9e_8 m09p_40 mgn2_14 msts_hk\">\n<td class=\"mpof_vs mupj_5k mjyo_6x mj7a_8 mg9e_8 m09p_40 mzmg_7i mh36_8 mgmw_3z mp4t_0 m3h2_0 mryx_0 munh_0 msts_n7 _3c6dd_SpQem\">Rodzaj<\/td>\n<td class=\"mpof_vs mupj_5k mjyo_6x mzmg_7i mj7a_8 mh36_16 mg9e_8 m09p_40 mvrt_8 mgmw_wo m9qz_yp _3c6dd_AYKa3\">\n<div class=\"mpof_ki m389_6m _3c6dd_KEYaD\">biurowy<\/div>\n<\/td>\n<\/tr>\n<tr class=\"mupj_5k mjyo_6x mzmg_7i mj7a_8 mh36_16 mg9e_8 m09p_40 mgn2_14\">\n<td class=\"mpof_vs mupj_5k mjyo_6x mj7a_8 mg9e_8 m09p_40 mzmg_7i mh36_8 mgmw_3z mp4t_0 m3h2_0 mryx_0 munh_0 msts_n7 _3c6dd_SpQem\">Szeroko\u015b\u0107<\/td>\n<td class=\"mpof_vs mupj_5k mjyo_6x mzmg_7i mj7a_8 mh36_16 mg9e_8 m09p_40 mvrt_8 mgmw_wo m9qz_yp _3c6dd_AYKa3\">\n<div class=\"mpof_ki m389_6m _3c6dd_KEYaD\">3 m<\/div>\n<\/td>\n<\/tr>\n<tr class=\"mupj_5k mjyo_6x mzmg_7i mj7a_8 mh36_16 mg9e_8 m09p_40 mgn2_14 msts_hk\">\n<td class=\"mpof_vs mupj_5k mjyo_6x mj7a_8 mg9e_8 m09p_40 mzmg_7i mh36_8 mgmw_3z mp4t_0 m3h2_0 mryx_0 munh_0 msts_n7 _3c6dd_SpQem\">D\u0142ugo\u015b\u0107<\/td>\n<td class=\"mpof_vs mupj_5k mjyo_6x mzmg_7i mj7a_8 mh36_16 mg9e_8 m09p_40 mvrt_8 mgmw_wo m9qz_yp _3c6dd_AYKa3\">\n<div class=\"mpof_ki m389_6m _3c6dd_KEYaD\">6 m<\/div>\n<\/td>\n<\/tr>\n<tr class=\"mupj_5k mjyo_6x mzmg_7i mj7a_8 mh36_16 mg9e_8 m09p_40 mgn2_14\">\n<td class=\"mpof_vs mupj_5k mjyo_6x mj7a_8 mg9e_8 m09p_40 mzmg_7i mh36_8 mgmw_3z mp4t_0 m3h2_0 mryx_0 munh_0 msts_n7 _3c6dd_SpQem\">Wysoko\u015b\u0107<\/td>\n<td class=\"mpof_vs mupj_5k mjyo_6x mzmg_7i mj7a_8 mh36_16 mg9e_8 m09p_40 mvrt_8 mgmw_wo m9qz_yp _3c6dd_AYKa3\">\n<div class=\"mpof_ki m389_6m _3c6dd_KEYaD\">2.8 m<\/div>\n<\/td>\n<\/tr>\n<tr class=\"mupj_5k mjyo_6x mzmg_7i mj7a_8 mh36_16 mg9e_8 m09p_40 mgn2_14 msts_hk\">\n<td class=\"mpof_vs mupj_5k mjyo_6x mj7a_8 mg9e_8 m09p_40 mzmg_7i mh36_8 mgmw_3z mp4t_0 m3h2_0 mryx_0 munh_0 msts_n7 _3c6dd_SpQem\">Waga<\/td>\n<td class=\"mpof_vs mupj_5k mjyo_6x mzmg_7i mj7a_8 mh36_16 mg9e_8 m09p_40 mvrt_8 mgmw_wo m9qz_yp _3c6dd_AYKa3\">\n<div class=\"mpof_ki m389_6m _3c6dd_KEYaD\">1300 kg<\/div>\n<\/td>\n<\/tr>\n<tr class=\"mupj_5k mjyo_6x mzmg_7i mj7a_8 mh36_16 mg9e_8 m09p_40 mgn2_14\">\n<td class=\"mpof_vs mupj_5k mjyo_6x mj7a_8 mg9e_8 m09p_40 mzmg_7i mh36_8 mgmw_3z mp4t_0 m3h2_0 mryx_0 munh_0 msts_n7 _3c6dd_SpQem\">Kod producenta<\/td>\n<td class=\"mpof_vs mupj_5k mjyo_6x mzmg_7i mj7a_8 mh36_16 mg9e_8 m09p_40 mvrt_8 mgmw_wo m9qz_yp _3c6dd_AYKa3\">\n<div class=\"mpof_ki m389_6m _3c6dd_KEYaD\">KS6030<\/div>\n<\/td>\n<\/tr>\n<tr class=\"mupj_5k mjyo_6x mzmg_7i mj7a_8 mh36_16 mg9e_8 m09p_40 mgn2_14 msts_hk\">\n<td class=\"mpof_vs mupj_5k mjyo_6x mj7a_8 mg9e_8 m09p_40 mzmg_7i mh36_8 mgmw_3z mp4t_0 m3h2_0 mryx_0 munh_0 msts_n7 _3c6dd_SpQem\">Waga produktu z opakowaniem jednostkowym<\/td>\n<td class=\"mpof_vs mupj_5k mjyo_6x mzmg_7i mj7a_8 mh36_16 mg9e_8 m09p_40 mvrt_8 mgmw_wo m9qz_yp _3c6dd_AYKa3\">\n<div class=\"mpof_ki m389_6m _3c6dd_KEYaD\">1200 kg<\/div>\n<\/td>\n<\/tr>\n<tr class=\"mupj_5k mjyo_6x mzmg_7i mj7a_8 mh36_16 mg9e_8 m09p_40 mgn2_14\">\n<td class=\"mpof_vs mupj_5k mjyo_6x mj7a_8 mg9e_8 m09p_40 mzmg_7i mh36_8 mgmw_3z mp4t_0 m3h2_0 mryx_0 munh_0 msts_n7 _3c6dd_SpQem\">Marka<\/td>\n<td class=\"mpof_vs mupj_5k mjyo_6x mzmg_7i mj7a_8 mh36_16 mg9e_8 m09p_40 mvrt_8 mgmw_wo m9qz_yp _3c6dd_AYKa3\">\n<div class=\"mpof_ki m389_6m _3c6dd_KEYaD\">bez marki<\/div>\n<\/td>\n<\/tr>\n<tr class=\"mupj_5k mjyo_6x mzmg_7i mj7a_8 mh36_16 mg9e_8 m09p_40 mgn2_14 msts_hk\">\n<td class=\"mpof_vs mupj_5k mjyo_6x mj7a_8 mg9e_8 m09p_40 mzmg_7i mh36_8 mgmw_3z mp4t_0 m3h2_0 mryx_0 munh_0 msts_n7 _3c6dd_SpQem\">Informacje dodatkowe<\/td>\n<td class=\"mpof_vs mupj_5k mjyo_6x mzmg_7i mj7a_8 mh36_16 mg9e_8 m09p_40 mvrt_8 mgmw_wo m9qz_yp _3c6dd_AYKa3\">\n<div class=\"mpof_ki m389_6m _3c6dd_KEYaD\">instalacja elektryczna, instalacja o\u015bwietleniowa, mo\u017cliwo\u015b\u0107 \u0142\u0105czenia, mo\u017cliwo\u015b\u0107 pi\u0119trowania, sk\u0142adany<\/div>\n<\/td>\n<\/tr>\n<\/tbody>\n<\/table>\n","protected":false},"excerpt":{"rendered":"<table class=\"myre_zn mp7g_oh q1v2b mp0t_0a msts_pt m7er_k4\">\n<tbody>\n<tr class=\"mupj_5k mjyo_6x mzmg_7i mj7a_8 mh36_16 mg9e_8 m09p_40 mgn2_14 msts_hk\">\n<td class=\"mpof_vs mupj_5k mjyo_6x mj7a_8 mg9e_8 m09p_40 mzmg_7i mh36_8 mgmw_3z mp4t_0 m3h2_0 mryx_0 munh_0 msts_n7 _3c6dd_SpQem\">Stan<\/td>\n<td class=\"mpof_vs mupj_5k mjyo_6x mzmg_7i mj7a_8 mh36_16 mg9e_8 m09p_40 mvrt_8 mgmw_wo m9qz_yp _3c6dd_AYKa3\">\n<div class=\"mpof_ki m389_6m _3c6dd_KEYaD\">Nowy<\/div>\n<\/td>\n<\/tr>\n<tr class=\"mupj_5k mjyo_6x mzmg_7i mj7a_8 mh36_16 mg9e_8 m09p_40 mgn2_14\">\n<td class=\"mpof_vs mupj_5k mjyo_6x mj7a_8 mg9e_8 m09p_40 mzmg_7i mh36_8 mgmw_3z mp4t_0 m3h2_0 mryx_0 munh_0 msts_n7 _3c6dd_SpQem\">Faktura<\/td>\n<td class=\"mpof_vs mupj_5k mjyo_6x mzmg_7i mj7a_8 mh36_16 mg9e_8 m09p_40 mvrt_8 mgmw_wo m9qz_yp _3c6dd_AYKa3\">\n<div class=\"mpof_ki m389_6m _3c6dd_KEYaD\">Wystawiam faktur\u0119 VAT<\/div>\n<\/td>\n<\/tr>\n<tr class=\"mupj_5k mjyo_6x mzmg_7i mj7a_8 mh36_16 mg9e_8 m09p_40 mgn2_14 msts_hk\">\n<td class=\"mpof_vs mupj_5k mjyo_6x mj7a_8 mg9e_8 m09p_40 mzmg_7i mh36_8 mgmw_3z mp4t_0 m3h2_0 mryx_0 munh_0 msts_n7 _3c6dd_SpQem\">Rodzaj<\/td>\n<td class=\"mpof_vs mupj_5k mjyo_6x mzmg_7i mj7a_8 mh36_16 mg9e_8 m09p_40 mvrt_8 mgmw_wo m9qz_yp _3c6dd_AYKa3\">\n<div class=\"mpof_ki m389_6m _3c6dd_KEYaD\">biurowy<\/div>\n<\/td>\n<\/tr>\n<tr class=\"mupj_5k mjyo_6x mzmg_7i mj7a_8 mh36_16 mg9e_8 m09p_40 mgn2_14\">\n<td class=\"mpof_vs mupj_5k mjyo_6x mj7a_8 mg9e_8 m09p_40 mzmg_7i mh36_8 mgmw_3z mp4t_0 m3h2_0 mryx_0 munh_0 msts_n7 _3c6dd_SpQem\">Szeroko\u015b\u0107<\/td>\n<td class=\"mpof_vs mupj_5k mjyo_6x mzmg_7i mj7a_8 mh36_16 mg9e_8 m09p_40 mvrt_8 mgmw_wo m9qz_yp _3c6dd_AYKa3\">\n<div class=\"mpof_ki m389_6m _3c6dd_KEYaD\">3 m<\/div>\n<\/td>\n<\/tr>\n<tr class=\"mupj_5k mjyo_6x mzmg_7i mj7a_8 mh36_16 mg9e_8 m09p_40 mgn2_14 msts_hk\">\n<td class=\"mpof_vs mupj_5k mjyo_6x mj7a_8 mg9e_8 m09p_40 mzmg_7i mh36_8 mgmw_3z mp4t_0 m3h2_0 mryx_0 munh_0 msts_n7 _3c6dd_SpQem\">D\u0142ugo\u015b\u0107<\/td>\n<td class=\"mpof_vs mupj_5k mjyo_6x mzmg_7i mj7a_8 mh36_16 mg9e_8 m09p_40 mvrt_8 mgmw_wo m9qz_yp _3c6dd_AYKa3\">\n<div class=\"mpof_ki m389_6m _3c6dd_KEYaD\">6 m<\/div>\n<\/td>\n<\/tr>\n<tr class=\"mupj_5k mjyo_6x mzmg_7i mj7a_8 mh36_16 mg9e_8 m09p_40 mgn2_14\">\n<td class=\"mpof_vs mupj_5k mjyo_6x mj7a_8 mg9e_8 m09p_40 mzmg_7i mh36_8 mgmw_3z mp4t_0 m3h2_0 mryx_0 munh_0 msts_n7 _3c6dd_SpQem\">Wysoko\u015b\u0107<\/td>\n<td class=\"mpof_vs mupj_5k mjyo_6x mzmg_7i mj7a_8 mh36_16 mg9e_8 m09p_40 mvrt_8 mgmw_wo m9qz_yp _3c6dd_AYKa3\">\n<div class=\"mpof_ki m389_6m _3c6dd_KEYaD\">2.8 m<\/div>\n<\/td>\n<\/tr>\n<tr class=\"mupj_5k mjyo_6x mzmg_7i mj7a_8 mh36_16 mg9e_8 m09p_40 mgn2_14 msts_hk\">\n<td class=\"mpof_vs mupj_5k mjyo_6x mj7a_8 mg9e_8 m09p_40 mzmg_7i mh36_8 mgmw_3z mp4t_0 m3h2_0 mryx_0 munh_0 msts_n7 _3c6dd_SpQem\">Waga<\/td>\n<td class=\"mpof_vs mupj_5k mjyo_6x mzmg_7i mj7a_8 mh36_16 mg9e_8 m09p_40 mvrt_8 mgmw_wo m9qz_yp _3c6dd_AYKa3\">\n<div class=\"mpof_ki m389_6m _3c6dd_KEYaD\">1300 kg<\/div>\n<\/td>\n<\/tr>\n<tr class=\"mupj_5k mjyo_6x mzmg_7i mj7a_8 mh36_16 mg9e_8 m09p_40 mgn2_14\">\n<td class=\"mpof_vs mupj_5k mjyo_6x mj7a_8 mg9e_8 m09p_40 mzmg_7i mh36_8 mgmw_3z mp4t_0 m3h2_0 mryx_0 munh_0 msts_n7 _3c6dd_SpQem\">Kod producenta<\/td>\n<td class=\"mpof_vs mupj_5k mjyo_6x mzmg_7i mj7a_8 mh36_16 mg9e_8 m09p_40 mvrt_8 mgmw_wo m9qz_yp _3c6dd_AYKa3\">\n<div class=\"mpof_ki m389_6m _3c6dd_KEYaD\">KS6030<\/div>\n<\/td>\n<\/tr>\n<tr class=\"mupj_5k mjyo_6x mzmg_7i mj7a_8 mh36_16 mg9e_8 m09p_40 mgn2_14 msts_hk\">\n<td class=\"mpof_vs mupj_5k mjyo_6x mj7a_8 mg9e_8 m09p_40 mzmg_7i mh36_8 mgmw_3z mp4t_0 m3h2_0 mryx_0 munh_0 msts_n7 _3c6dd_SpQem\">Waga produktu z opakowaniem jednostkowym<\/td>\n<td class=\"mpof_vs mupj_5k mjyo_6x mzmg_7i mj7a_8 mh36_16 mg9e_8 m09p_40 mvrt_8 mgmw_wo m9qz_yp _3c6dd_AYKa3\">\n<div class=\"mpof_ki m389_6m _3c6dd_KEYaD\">1200 kg<\/div>\n<\/td>\n<\/tr>\n<tr class=\"mupj_5k mjyo_6x mzmg_7i mj7a_8 mh36_16 mg9e_8 m09p_40 mgn2_14\">\n<td class=\"mpof_vs mupj_5k mjyo_6x mj7a_8 mg9e_8 m09p_40 mzmg_7i mh36_8 mgmw_3z mp4t_0 m3h2_0 mryx_0 munh_0 msts_n7 _3c6dd_SpQem\">Marka<\/td>\n<td class=\"mpof_vs mupj_5k mjyo_6x mzmg_7i mj7a_8 mh36_16 mg9e_8 m09p_40 mvrt_8 mgmw_wo m9qz_yp _3c6dd_AYKa3\">\n<div class=\"mpof_ki m389_6m _3c6dd_KEYaD\">bez marki<\/div>\n<\/td>\n<\/tr>\n<tr class=\"mupj_5k mjyo_6x mzmg_7i mj7a_8 mh36_16 mg9e_8 m09p_40 mgn2_14 msts_hk\">\n<td class=\"mpof_vs mupj_5k mjyo_6x mj7a_8 mg9e_8 m09p_40 mzmg_7i mh36_8 mgmw_3z mp4t_0 m3h2_0 mryx_0 munh_0 msts_n7 _3c6dd_SpQem\">Informacje dodatkowe<\/td>\n<td class=\"mpof_vs mupj_5k mjyo_6x mzmg_7i mj7a_8 mh36_16 mg9e_8 m09p_40 mvrt_8 mgmw_wo m9qz_yp _3c6dd_AYKa3\">\n<div class=\"mpof_ki m389_6m _3c6dd_KEYaD\">instalacja elektryczna, instalacja o\u015bwietleniowa, mo\u017cliwo\u015b\u0107 \u0142\u0105czenia, mo\u017cliwo\u015b\u0107 pi\u0119trowania, sk\u0142adany<\/div>\n<\/td>\n<\/tr>\n<\/tbody>\n<\/table>\n","protected":false},"featured_media":29422,"comment_status":"open","ping_status":"closed","template":"","meta":[],"product_brand":[],"product_cat":[85],"product_tag":[],"class_list":{"0":"post-29413","1":"product","2":"type-product","3":"status-publish","4":"has-post-thumbnail","6":"product_cat-kontenery-magazynowe","8":"first","9":"instock","10":"shipping-taxable","11":"purchasable","12":"product-type-simple"},"_links":{"self":[{"href":"https:\/\/ogrod-dekoracja.pl\/index.php?rest_route=\/wp\/v2\/product\/29413","targetHints":{"allow":["GET"]}}],"collection":[{"href":"https:\/\/ogrod-dekoracja.pl\/index.php?rest_route=\/wp\/v2\/product"}],"about":[{"href":"https:\/\/ogrod-dekoracja.pl\/index.php?rest_route=\/wp\/v2\/types\/product"}],"replies":[{"embeddable":true,"href":"https:\/\/ogrod-dekoracja.pl\/index.php?rest_route=%2Fwp%2Fv2%2Fcomments&post=29413"}],"version-history":[{"count":2,"href":"https:\/\/ogrod-dekoracja.pl\/index.php?rest_route=\/wp\/v2\/product\/29413\/revisions"}],"predecessor-version":[{"id":30949,"href":"https:\/\/ogrod-dekoracja.pl\/index.php?rest_route=\/wp\/v2\/product\/29413\/revisions\/30949"}],"wp:featuredmedia":[{"embeddable":true,"href":"https:\/\/ogrod-dekoracja.pl\/index.php?rest_route=\/wp\/v2\/media\/29422"}],"wp:attachment":[{"href":"https:\/\/ogrod-dekoracja.pl\/index.php?rest_route=%2Fwp%2Fv2%2Fmedia&parent=29413"}],"wp:term":[{"taxonomy":"product_brand","embeddable":true,"href":"https:\/\/ogrod-dekoracja.pl\/index.php?rest_route=%2Fwp%2Fv2%2Fproduct_brand&post=29413"},{"taxonomy":"product_cat","embeddable":true,"href":"https:\/\/ogrod-dekoracja.pl\/index.php?rest_route=%2Fwp%2Fv2%2Fproduct_cat&post=29413"},{"taxonomy":"product_tag","embeddable":true,"href":"https:\/\/ogrod-dekoracja.pl\/index.php?rest_route=%2Fwp%2Fv2%2Fproduct_tag&post=29413"}],"curies":[{"name":"wp","href":"https:\/\/api.w.org\/{rel}","templated":true}]}}